{"id":1772,"date":"2026-02-01T13:49:59","date_gmt":"2026-02-01T13:49:59","guid":{"rendered":"https:\/\/tv.dinhosreef.com\/pagamento-da-associacao\/"},"modified":"2026-03-08T16:17:05","modified_gmt":"2026-03-08T16:17:05","slug":"pagamento-da-associacao","status":"publish","type":"page","link":"https:\/\/tv.dinhosreef.com\/en\/pagamento-da-associacao\/","title":{"rendered":"Pagamento da associa\u00e7\u00e3o"},"content":{"rendered":"<div data-elementor-type=\"wp-page\" data-elementor-id=\"1772\" class=\"elementor elementor-1772\" data-elementor-post-type=\"page\">\n\t\t\t\t<div class=\"elementor-element elementor-element-147a467a e-flex e-con-boxed e-con e-parent\" data-id=\"147a467a\" data-element_type=\"container\" data-e-type=\"container\">\n\t\t\t\t\t<div class=\"e-con-inner\">\n\t\t\t\t<div class=\"elementor-element elementor-element-175eaf5c elementor-widget elementor-widget-text-editor\" data-id=\"175eaf5c\" data-element_type=\"widget\" data-e-type=\"widget\" data-widget_type=\"text-editor.default\">\n\t\t\t\t\t\t\t\t\t\n<p style=\"text-align: center;\">\ud83d\udc49 <em>Para se associar, clique no bot\u00e3o abaixo e voc\u00ea ser\u00e1 redirecionado para o site oficial para concluir seu cadastro.<\/em><\/p>\n\n<div class=\"wp-block-buttons is-layout-flex wp-block-buttons-is-layout-flex\"><\/div>\n\n<div class=\"wp-block-buttons is-layout-flex wp-block-buttons-is-layout-flex\"><\/div>\n\t\t\t\t\t\t\t\t<\/div>\n\t\t\t\t<div class=\"elementor-element elementor-element-9557c4f elementor-align-center elementor-widget elementor-widget-button\" data-id=\"9557c4f\" data-element_type=\"widget\" data-e-type=\"widget\" data-widget_type=\"button.default\">\n\t\t\t\t\t\t\t\t\t\t<a class=\"elementor-button elementor-button-link elementor-size-sm\" href=\"https:\/\/dinhosreef.com\/pagamento-da-associacao\/?pmpro_level=2\">\n\t\t\t\t\t\t<span class=\"elementor-button-content-wrapper\">\n\t\t\t\t\t\t\t\t\t<span class=\"elementor-button-text\">Clique aqui<\/span>\n\t\t\t\t\t<\/span>\n\t\t\t\t\t<\/a>\n\t\t\t\t\t\t\t\t<\/div>\n\t\t\t\t\t<\/div>\n\t\t\t\t<\/div>\n\t\t\t\t<\/div>","protected":false},"excerpt":{"rendered":"<p>\ud83d\udc49 Para se associar, clique no bot\u00e3o abaixo e voc\u00ea ser\u00e1 redirecionado para o site oficial para concluir seu cadastro. Clique aqui<\/p>","protected":false},"author":1,"featured_media":0,"parent":0,"menu_order":0,"comment_status":"closed","ping_status":"closed","template":"","meta":{"pmpro_default_level":"","advanced_seo_description":"","jetpack_seo_html_title":"","jetpack_seo_noindex":false,"footnotes":""},"class_list":["post-1772","page","type-page","status-publish","hentry","pmpro-has-access"],"jetpack-related-posts":[],"jetpack_shortlink":"https:\/\/wp.me\/Ph2xTv-sA","jetpack_sharing_enabled":true,"_links":{"self":[{"href":"https:\/\/tv.dinhosreef.com\/en\/wp-json\/wp\/v2\/pages\/1772","targetHints":{"allow":["GET"]}}],"collection":[{"href":"https:\/\/tv.dinhosreef.com\/en\/wp-json\/wp\/v2\/pages"}],"about":[{"href":"https:\/\/tv.dinhosreef.com\/en\/wp-json\/wp\/v2\/types\/page"}],"author":[{"embeddable":true,"href":"https:\/\/tv.dinhosreef.com\/en\/wp-json\/wp\/v2\/users\/1"}],"replies":[{"embeddable":true,"href":"https:\/\/tv.dinhosreef.com\/en\/wp-json\/wp\/v2\/comments?post=1772"}],"version-history":[{"count":11,"href":"https:\/\/tv.dinhosreef.com\/en\/wp-json\/wp\/v2\/pages\/1772\/revisions"}],"predecessor-version":[{"id":2171,"href":"https:\/\/tv.dinhosreef.com\/en\/wp-json\/wp\/v2\/pages\/1772\/revisions\/2171"}],"wp:attachment":[{"href":"https:\/\/tv.dinhosreef.com\/en\/wp-json\/wp\/v2\/media?parent=1772"}],"curies":[{"name":"wp","href":"https:\/\/api.w.org\/{rel}","templated":true}]}}